{"id":6321,"date":"2020-03-27T20:21:51","date_gmt":"2020-03-27T19:21:51","guid":{"rendered":"http:\/\/rutube.fr\/?page_id=6321"},"modified":"2025-10-04T07:57:45","modified_gmt":"2025-10-04T07:57:45","slug":"strip-tease-culte","status":"publish","type":"page","link":"https:\/\/webtube.fr\/index.php\/strip-tease-culte\/","title":{"rendered":"STRIP TEASE, culte!"},"content":{"rendered":"\n<p><em><strong>Strip-tease<\/strong><\/em>&nbsp;est une \u00e9mission de t\u00e9l\u00e9vision documentaire&nbsp;<a href=\"https:\/\/fr.wikipedia.org\/wiki\/Communaut%C3%A9_fran%C3%A7aise_de_Belgique\">belge<\/a>&nbsp;cr\u00e9\u00e9e sur&nbsp;<a href=\"https:\/\/fr.wikipedia.org\/wiki\/La_Une#RTBF1\">RTBF1<\/a>&nbsp;en&nbsp;<a href=\"https:\/\/fr.wikipedia.org\/wiki\/1985_%C3%A0_la_t%C3%A9l%C3%A9vision\">1985<\/a>, puis belgo-<a href=\"https:\/\/fr.wikipedia.org\/wiki\/France\">fran\u00e7aise<\/a>&nbsp;depuis le&nbsp;<a href=\"https:\/\/fr.wikipedia.org\/wiki\/3_octobre\">3<\/a><a href=\"https:\/\/fr.wikipedia.org\/wiki\/Octobre_1992\">octobre<\/a><a href=\"https:\/\/fr.wikipedia.org\/wiki\/1992_%C3%A0_la_t%C3%A9l%C3%A9vision\">1992<\/a>&nbsp;et sa diffusion sur&nbsp;<a href=\"https:\/\/fr.wikipedia.org\/wiki\/France_3\">France 3<\/a>.<br>D&rsquo;apr\u00e8s ses cr\u00e9ateurs, elle a pour but de traiter des sujets \u00ab&nbsp;pris dans les faits de soci\u00e9t\u00e9&nbsp;\u00bb <\/p>\n\n\n\n<iframe loading=\"lazy\" width=\"850\" height=\"2000\" src=\"https:\/\/www.sonuma.be\/thesaurus\/collection-striptease?fbclid=IwAR1-fyqlSEbDOYyegmVKEK0UDBCZcdfoyKAzBY3DkAHahthyXgD-UpmqKWA\" frameborder=\"0\" scrolling=\"auto\"><\/iframe>\n\n\n\n<!-- ADDFREESTATS.COM AUTOCODE V4.0 -->\n<script type=\"text\/javascript\">\n<!--\nvar AFS_Account=\"00636949\";\nvar AFS_Tracker=\"auto\";\nvar AFS_Server=\"www6\";\nvar AFS_Page=\"DetectName\";\nvar AFS_Url=\"DetectUrl\";\n\/\/ -->\n<\/script>\n<script type=\"text\/javascript\" src=\"http:\/\/www6.addfreestats.com\/cgi-bin\/afstrack.cgi?usr=00636949\">\n<\/script>\n<noscript>\n<a href=\"http:\/\/www.addfreestats.com\">\n<img decoding=\"async\" src=\"http:\/\/www6.addfreestats.com\/cgi-bin\/connect.cgi?usr=00636949Pauto\" border=\"0\" alt=\"AddFreeStats.com Free Web Stats!\">Web Stats<\/a>\n<\/noscript>\n\n<!-- ENDADDFREESTATS.COM AUTOCODE V4.0  -->\n","protected":false},"excerpt":{"rendered":"<p>Strip-tease&nbsp;est une \u00e9mission de t\u00e9l\u00e9vision documentaire&nbsp;belge&nbsp;cr\u00e9\u00e9e sur&nbsp;RTBF1&nbsp;en&nbsp;1985, puis belgo-fran\u00e7aise&nbsp;depuis le&nbsp;3octobre1992&nbsp;et sa diffusion sur&nbsp;France 3.D&rsquo;apr\u00e8s ses cr\u00e9ateurs, elle a pour but de traiter des sujets \u00ab&nbsp;pris dans les faits de soci\u00e9t\u00e9&nbsp;\u00bb Web Stats<\/p>\n","protected":false},"author":4,"featured_media":0,"parent":0,"menu_order":0,"comment_status":"closed","ping_status":"closed","template":"","meta":{"footnotes":""},"class_list":["post-6321","page","type-page","status-publish","hentry"],"yoast_head":"<!-- This site is optimized with the Yoast SEO plugin v27.3 - https:\/\/yoast.com\/product\/yoast-seo-wordpress\/ -->\n<title>STRIP TEASE, culte! - # WEBTUBE.fr<\/title>\n<meta name=\"robots\" content=\"index, follow, max-snippet:-1, max-image-preview:large, max-video-preview:-1\" \/>\n<link rel=\"canonical\" href=\"https:\/\/webtube.fr\/index.php\/strip-tease-culte\/\" \/>\n<meta property=\"og:locale\" content=\"fr_FR\" \/>\n<meta property=\"og:type\" content=\"article\" \/>\n<meta property=\"og:title\" content=\"STRIP TEASE, culte! - # WEBTUBE.fr\" \/>\n<meta property=\"og:description\" content=\"Strip-tease&nbsp;est une \u00e9mission de t\u00e9l\u00e9vision documentaire&nbsp;belge&nbsp;cr\u00e9\u00e9e sur&nbsp;RTBF1&nbsp;en&nbsp;1985, puis belgo-fran\u00e7aise&nbsp;depuis le&nbsp;3octobre1992&nbsp;et sa diffusion sur&nbsp;France 3.D&rsquo;apr\u00e8s ses cr\u00e9ateurs, elle a pour but de traiter des sujets \u00ab&nbsp;pris dans les faits de soci\u00e9t\u00e9&nbsp;\u00bb Web Stats\" \/>\n<meta property=\"og:url\" content=\"https:\/\/webtube.fr\/index.php\/strip-tease-culte\/\" \/>\n<meta property=\"og:site_name\" content=\"# WEBTUBE.fr\" \/>\n<meta property=\"article:publisher\" content=\"https:\/\/www.facebook.com\/profile.php?id=100069673161887\" \/>\n<meta property=\"article:modified_time\" content=\"2025-10-04T07:57:45+00:00\" \/>\n<meta property=\"og:image\" content=\"http:\/\/www6.addfreestats.com\/cgi-bin\/connect.cgi?usr=00636949Pauto\" \/>\n<meta name=\"twitter:card\" content=\"summary_large_image\" \/>\n<meta name=\"twitter:site\" content=\"@OrtfNews\" \/>\n<script type=\"application\/ld+json\" class=\"yoast-schema-graph\">{\"@context\":\"https:\\\/\\\/schema.org\",\"@graph\":[{\"@type\":\"WebPage\",\"@id\":\"https:\\\/\\\/webtube.fr\\\/index.php\\\/strip-tease-culte\\\/\",\"url\":\"https:\\\/\\\/webtube.fr\\\/index.php\\\/strip-tease-culte\\\/\",\"name\":\"STRIP TEASE, culte! - # WEBTUBE.fr\",\"isPartOf\":{\"@id\":\"https:\\\/\\\/webtube.fr\\\/#website\"},\"primaryImageOfPage\":{\"@id\":\"https:\\\/\\\/webtube.fr\\\/index.php\\\/strip-tease-culte\\\/#primaryimage\"},\"image\":{\"@id\":\"https:\\\/\\\/webtube.fr\\\/index.php\\\/strip-tease-culte\\\/#primaryimage\"},\"thumbnailUrl\":\"http:\\\/\\\/www6.addfreestats.com\\\/cgi-bin\\\/connect.cgi?usr=00636949Pauto\",\"datePublished\":\"2020-03-27T19:21:51+00:00\",\"dateModified\":\"2025-10-04T07:57:45+00:00\",\"breadcrumb\":{\"@id\":\"https:\\\/\\\/webtube.fr\\\/index.php\\\/strip-tease-culte\\\/#breadcrumb\"},\"inLanguage\":\"fr-FR\",\"potentialAction\":[{\"@type\":\"ReadAction\",\"target\":[\"https:\\\/\\\/webtube.fr\\\/index.php\\\/strip-tease-culte\\\/\"]}]},{\"@type\":\"ImageObject\",\"inLanguage\":\"fr-FR\",\"@id\":\"https:\\\/\\\/webtube.fr\\\/index.php\\\/strip-tease-culte\\\/#primaryimage\",\"url\":\"http:\\\/\\\/www6.addfreestats.com\\\/cgi-bin\\\/connect.cgi?usr=00636949Pauto\",\"contentUrl\":\"http:\\\/\\\/www6.addfreestats.com\\\/cgi-bin\\\/connect.cgi?usr=00636949Pauto\"},{\"@type\":\"BreadcrumbList\",\"@id\":\"https:\\\/\\\/webtube.fr\\\/index.php\\\/strip-tease-culte\\\/#breadcrumb\",\"itemListElement\":[{\"@type\":\"ListItem\",\"position\":1,\"name\":\"Accueil\",\"item\":\"https:\\\/\\\/webtube.fr\\\/\"},{\"@type\":\"ListItem\",\"position\":2,\"name\":\"STRIP TEASE, culte!\"}]},{\"@type\":\"WebSite\",\"@id\":\"https:\\\/\\\/webtube.fr\\\/#website\",\"url\":\"https:\\\/\\\/webtube.fr\\\/\",\"name\":\"WEBTUBE\",\"description\":\"WEBTUBE.fr  Streaming Vid\u00e9o and News , toutes les infos sans filtres !\",\"publisher\":{\"@id\":\"https:\\\/\\\/webtube.fr\\\/#organization\"},\"alternateName\":\"Rutube\",\"potentialAction\":[{\"@type\":\"SearchAction\",\"target\":{\"@type\":\"EntryPoint\",\"urlTemplate\":\"https:\\\/\\\/webtube.fr\\\/?s={search_term_string}\"},\"query-input\":{\"@type\":\"PropertyValueSpecification\",\"valueRequired\":true,\"valueName\":\"search_term_string\"}}],\"inLanguage\":\"fr-FR\"},{\"@type\":\"Organization\",\"@id\":\"https:\\\/\\\/webtube.fr\\\/#organization\",\"name\":\"# WEBTUBE.fr\",\"url\":\"https:\\\/\\\/webtube.fr\\\/\",\"logo\":{\"@type\":\"ImageObject\",\"inLanguage\":\"fr-FR\",\"@id\":\"https:\\\/\\\/webtube.fr\\\/#\\\/schema\\\/logo\\\/image\\\/\",\"url\":\"https:\\\/\\\/webtube.fr\\\/wp-content\\\/uploads\\\/2025\\\/09\\\/cropped-Logo_webtubeIA-1.jpg\",\"contentUrl\":\"https:\\\/\\\/webtube.fr\\\/wp-content\\\/uploads\\\/2025\\\/09\\\/cropped-Logo_webtubeIA-1.jpg\",\"width\":240,\"height\":240,\"caption\":\"# WEBTUBE.fr\"},\"image\":{\"@id\":\"https:\\\/\\\/webtube.fr\\\/#\\\/schema\\\/logo\\\/image\\\/\"},\"sameAs\":[\"https:\\\/\\\/www.facebook.com\\\/profile.php?id=100069673161887\",\"https:\\\/\\\/x.com\\\/OrtfNews\",\"https:\\\/\\\/www.facebook.com\\\/profile.php?id=100013751440523\"]}]}<\/script>\n<!-- \/ Yoast SEO plugin. -->","yoast_head_json":{"title":"STRIP TEASE, culte! - # WEBTUBE.fr","robots":{"index":"index","follow":"follow","max-snippet":"max-snippet:-1","max-image-preview":"max-image-preview:large","max-video-preview":"max-video-preview:-1"},"canonical":"https:\/\/webtube.fr\/index.php\/strip-tease-culte\/","og_locale":"fr_FR","og_type":"article","og_title":"STRIP TEASE, culte! - # WEBTUBE.fr","og_description":"Strip-tease&nbsp;est une \u00e9mission de t\u00e9l\u00e9vision documentaire&nbsp;belge&nbsp;cr\u00e9\u00e9e sur&nbsp;RTBF1&nbsp;en&nbsp;1985, puis belgo-fran\u00e7aise&nbsp;depuis le&nbsp;3octobre1992&nbsp;et sa diffusion sur&nbsp;France 3.D&rsquo;apr\u00e8s ses cr\u00e9ateurs, elle a pour but de traiter des sujets \u00ab&nbsp;pris dans les faits de soci\u00e9t\u00e9&nbsp;\u00bb Web Stats","og_url":"https:\/\/webtube.fr\/index.php\/strip-tease-culte\/","og_site_name":"# WEBTUBE.fr","article_publisher":"https:\/\/www.facebook.com\/profile.php?id=100069673161887","article_modified_time":"2025-10-04T07:57:45+00:00","og_image":[{"url":"http:\/\/www6.addfreestats.com\/cgi-bin\/connect.cgi?usr=00636949Pauto","type":"","width":"","height":""}],"twitter_card":"summary_large_image","twitter_site":"@OrtfNews","schema":{"@context":"https:\/\/schema.org","@graph":[{"@type":"WebPage","@id":"https:\/\/webtube.fr\/index.php\/strip-tease-culte\/","url":"https:\/\/webtube.fr\/index.php\/strip-tease-culte\/","name":"STRIP TEASE, culte! - # WEBTUBE.fr","isPartOf":{"@id":"https:\/\/webtube.fr\/#website"},"primaryImageOfPage":{"@id":"https:\/\/webtube.fr\/index.php\/strip-tease-culte\/#primaryimage"},"image":{"@id":"https:\/\/webtube.fr\/index.php\/strip-tease-culte\/#primaryimage"},"thumbnailUrl":"http:\/\/www6.addfreestats.com\/cgi-bin\/connect.cgi?usr=00636949Pauto","datePublished":"2020-03-27T19:21:51+00:00","dateModified":"2025-10-04T07:57:45+00:00","breadcrumb":{"@id":"https:\/\/webtube.fr\/index.php\/strip-tease-culte\/#breadcrumb"},"inLanguage":"fr-FR","potentialAction":[{"@type":"ReadAction","target":["https:\/\/webtube.fr\/index.php\/strip-tease-culte\/"]}]},{"@type":"ImageObject","inLanguage":"fr-FR","@id":"https:\/\/webtube.fr\/index.php\/strip-tease-culte\/#primaryimage","url":"http:\/\/www6.addfreestats.com\/cgi-bin\/connect.cgi?usr=00636949Pauto","contentUrl":"http:\/\/www6.addfreestats.com\/cgi-bin\/connect.cgi?usr=00636949Pauto"},{"@type":"BreadcrumbList","@id":"https:\/\/webtube.fr\/index.php\/strip-tease-culte\/#breadcrumb","itemListElement":[{"@type":"ListItem","position":1,"name":"Accueil","item":"https:\/\/webtube.fr\/"},{"@type":"ListItem","position":2,"name":"STRIP TEASE, culte!"}]},{"@type":"WebSite","@id":"https:\/\/webtube.fr\/#website","url":"https:\/\/webtube.fr\/","name":"WEBTUBE","description":"WEBTUBE.fr  Streaming Vid\u00e9o and News , toutes les infos sans filtres !","publisher":{"@id":"https:\/\/webtube.fr\/#organization"},"alternateName":"Rutube","potentialAction":[{"@type":"SearchAction","target":{"@type":"EntryPoint","urlTemplate":"https:\/\/webtube.fr\/?s={search_term_string}"},"query-input":{"@type":"PropertyValueSpecification","valueRequired":true,"valueName":"search_term_string"}}],"inLanguage":"fr-FR"},{"@type":"Organization","@id":"https:\/\/webtube.fr\/#organization","name":"# WEBTUBE.fr","url":"https:\/\/webtube.fr\/","logo":{"@type":"ImageObject","inLanguage":"fr-FR","@id":"https:\/\/webtube.fr\/#\/schema\/logo\/image\/","url":"https:\/\/webtube.fr\/wp-content\/uploads\/2025\/09\/cropped-Logo_webtubeIA-1.jpg","contentUrl":"https:\/\/webtube.fr\/wp-content\/uploads\/2025\/09\/cropped-Logo_webtubeIA-1.jpg","width":240,"height":240,"caption":"# WEBTUBE.fr"},"image":{"@id":"https:\/\/webtube.fr\/#\/schema\/logo\/image\/"},"sameAs":["https:\/\/www.facebook.com\/profile.php?id=100069673161887","https:\/\/x.com\/OrtfNews","https:\/\/www.facebook.com\/profile.php?id=100013751440523"]}]}},"jetpack_sharing_enabled":true,"_links":{"self":[{"href":"https:\/\/webtube.fr\/index.php\/wp-json\/wp\/v2\/pages\/6321","targetHints":{"allow":["GET"]}}],"collection":[{"href":"https:\/\/webtube.fr\/index.php\/wp-json\/wp\/v2\/pages"}],"about":[{"href":"https:\/\/webtube.fr\/index.php\/wp-json\/wp\/v2\/types\/page"}],"author":[{"embeddable":true,"href":"https:\/\/webtube.fr\/index.php\/wp-json\/wp\/v2\/users\/4"}],"replies":[{"embeddable":true,"href":"https:\/\/webtube.fr\/index.php\/wp-json\/wp\/v2\/comments?post=6321"}],"version-history":[{"count":1,"href":"https:\/\/webtube.fr\/index.php\/wp-json\/wp\/v2\/pages\/6321\/revisions"}],"predecessor-version":[{"id":29704,"href":"https:\/\/webtube.fr\/index.php\/wp-json\/wp\/v2\/pages\/6321\/revisions\/29704"}],"wp:attachment":[{"href":"https:\/\/webtube.fr\/index.php\/wp-json\/wp\/v2\/media?parent=6321"}],"curies":[{"name":"wp","href":"https:\/\/api.w.org\/{rel}","templated":true}]}}