{"id":357,"date":"2017-11-27T07:20:41","date_gmt":"2017-11-27T06:20:41","guid":{"rendered":"http:\/\/rutube.fr\/?page_id=357"},"modified":"2017-11-27T07:20:41","modified_gmt":"2017-11-27T06:20:41","slug":"zenmusic","status":"publish","type":"page","link":"https:\/\/webtube.fr\/index.php\/zenmusic\/","title":{"rendered":"ZENMUSIC"},"content":{"rendered":"<p><img decoding=\"async\" src=\"http:\/\/www.informatiquegifs.com\/notesmusique\/gifs6.gif\" alt=\"\" \/><br \/>\n<script type=\"text\/javascript\"><!--\ngoogle_ad_client = \"ca-pub-5386215900007682\";\n\/* RUBIG *\/\ngoogle_ad_slot = \"4133447516\";\ngoogle_ad_width = 728;\ngoogle_ad_height = 90;\n\/\/-->\n<\/script><br \/>\n<script type=\"text\/javascript\"\nsrc=\"http:\/\/pagead2.googlesyndication.com\/pagead\/show_ads.js\">\n<\/script><br \/>\n<a href=\"https:\/\/streaming.shoutcast.com\/SHAMSRAD?lang=fr-FR%2Cfr%3Bq%3D0.9%2Cen-US%3Bq%3D0.8%2Cen%3Bq%3D0.7\" rel=\"noopener\" target=\"_blank\"><img decoding=\"async\" src=\"http:\/\/rutubes.free.fr\/images\/ShamRad.jpg\" alt=\"\" \/><\/a><br \/>\n<iframe loading=\"lazy\" width=\"600\" height=\"400\" src=\"http:\/\/zenmusics.free.fr\/radio\" frameborder=\"0\" scrolling=\"yes\"><\/iframe><br \/>\n<script async src=\"\/\/pagead2.googlesyndication.com\/pagead\/js\/adsbygoogle.js\"><\/script><br \/>\n<!-- Arraijanal1 --><br \/>\n<ins class=\"adsbygoogle\"\n     style=\"display:inline-block;width:300px;height:600px\"\n     data-ad-client=\"ca-pub-5386215900007682\"\n     data-ad-slot=\"9301334722\"><\/ins><br \/>\n<script>\n(adsbygoogle = window.adsbygoogle || []).push({});\n<\/script><br \/>\n<!-- ADDFREESTATS.COM AUTOCODE V4.0 --><br \/>\n<script type=\"text\/javascript\">\n<!--\nvar AFS_Account=\"00636949\";\nvar AFS_Tracker=\"auto\";\nvar AFS_Server=\"www6\";\nvar AFS_Page=\"DetectName\";\nvar AFS_Url=\"DetectUrl\";\n\/\/ -->\n<\/script><br \/>\n<script type=\"text\/javascript\" src=\"http:\/\/www6.addfreestats.com\/cgi-bin\/afstrack.cgi?usr=00636949\">\n<\/script><br \/>\n<noscript><br \/>\n<a href=\"http:\/\/www.addfreestats.com\" ><br \/>\n<img decoding=\"async\" src=\"http:\/\/www6.addfreestats.com\/cgi-bin\/connect.cgi?usr=00636949Pauto\" border=0 alt=\"AddFreeStats.com Free Web Stats!\">Web Stats<\/a><br \/>\n<\/noscript><\/p>\n<p><!-- ENDADDFREESTATS.COM AUTOCODE V4.0  --><\/p>\n<p><strong>RuTube.fr met en avant ZENMUSIC:<\/strong><br \/>\nUne musique de relaxation ou de m\u00e9ditation est une musique cens\u00e9e produire la d\u00e9tente de son auditeur. Elle est souvent utilis\u00e9e pour aider \u00e0 la m\u00e9ditation.<br \/>\nOn peut citer parmi ses caract\u00e9ristiques la longue dur\u00e9e de ses morceaux ou encore ses rythmes lents et r\u00e9p\u00e9titifs.<br \/>\nLa musique de relaxation tire parti d&rsquo;autres genres musicaux plus vaste comme le new age, l&rsquo;ambient, la musique minimaliste, la musique sacr\u00e9e, les chants sacr\u00e9s, la musique naturelle ou le classique qui n&rsquo;ont pas pour seule vocation la relaxation ou la m\u00e9ditation.<br \/>\nLa musique de relaxation a plusieurs usages. Elle est \u00e0 l&rsquo;origine utilis\u00e9 par certains fid\u00e8les pour la m\u00e9ditation. Elle est aussi utilis\u00e9e pour la d\u00e9tente, par exemple, pour le confort de clients ou de patients. Ou encore comme aide \u00e0 certains soins m\u00e9dicaux1 avec la musicoth\u00e9rapie.<br \/>\nSelon des crit\u00e8res d\u00e9finis par les musicoth\u00e9rapeutes, la musique de relaxation ne doit pas \u00e9veiller d&rsquo;\u00e9motion et surtout pas d&rsquo;\u00e9motions d\u00e9sagr\u00e9ables. Elle ne comportera pas trop de variation d&rsquo;intensit\u00e9, de m\u00e9lodie, &#8230; car dans ces conditions elle stimulerait la vigilance, l&rsquo;inverse de ce qui est recherch\u00e9. Normalement amener le cerveau en onde c\u00e9r\u00e9brale de type alpha. Celle qui correspond \u00e0 l&rsquo;\u00e9tat sophroliminal.<\/p>\n","protected":false},"excerpt":{"rendered":"<p>Web Stats RuTube.fr met en avant ZENMUSIC: Une musique de relaxation ou de m\u00e9ditation est une musique cens\u00e9e produire la d\u00e9tente de son auditeur. Elle est souvent utilis\u00e9e pour aider \u00e0 la m\u00e9ditation. On peut citer parmi ses caract\u00e9ristiques la longue dur\u00e9e de ses morceaux ou encore ses rythmes lents et r\u00e9p\u00e9titifs. La musique de &hellip; <a href=\"https:\/\/webtube.fr\/index.php\/zenmusic\/\" class=\"more-link\">Continuer la lecture<span class=\"screen-reader-text\"> de &laquo;&nbsp;ZENMUSIC&nbsp;&raquo;<\/span><\/a><\/p>\n","protected":false},"author":2,"featured_media":0,"parent":0,"menu_order":0,"comment_status":"open","ping_status":"closed","template":"","meta":{"footnotes":""},"class_list":["post-357","page","type-page","status-publish","hentry"],"yoast_head":"<!-- This site is optimized with the Yoast SEO plugin v27.3 - https:\/\/yoast.com\/product\/yoast-seo-wordpress\/ -->\n<title>ZENMUSIC - # WEBTUBE.fr<\/title>\n<meta name=\"robots\" content=\"index, follow, max-snippet:-1, max-image-preview:large, max-video-preview:-1\" \/>\n<link rel=\"canonical\" href=\"https:\/\/webtube.fr\/index.php\/zenmusic\/\" \/>\n<meta property=\"og:locale\" content=\"fr_FR\" \/>\n<meta property=\"og:type\" content=\"article\" \/>\n<meta property=\"og:title\" content=\"ZENMUSIC - # WEBTUBE.fr\" \/>\n<meta property=\"og:description\" content=\"Web Stats RuTube.fr met en avant ZENMUSIC: Une musique de relaxation ou de m\u00e9ditation est une musique cens\u00e9e produire la d\u00e9tente de son auditeur. Elle est souvent utilis\u00e9e pour aider \u00e0 la m\u00e9ditation. On peut citer parmi ses caract\u00e9ristiques la longue dur\u00e9e de ses morceaux ou encore ses rythmes lents et r\u00e9p\u00e9titifs. La musique de &hellip; Continuer la lecture de &laquo;&nbsp;ZENMUSIC&nbsp;&raquo;\" \/>\n<meta property=\"og:url\" content=\"https:\/\/webtube.fr\/index.php\/zenmusic\/\" \/>\n<meta property=\"og:site_name\" content=\"# WEBTUBE.fr\" \/>\n<meta property=\"article:publisher\" content=\"https:\/\/www.facebook.com\/profile.php?id=100069673161887\" \/>\n<meta property=\"og:image\" content=\"http:\/\/www.informatiquegifs.com\/notesmusique\/gifs6.gif\" \/>\n<meta name=\"twitter:card\" content=\"summary_large_image\" \/>\n<meta name=\"twitter:site\" content=\"@OrtfNews\" \/>\n<meta name=\"twitter:label1\" content=\"Dur\u00e9e de lecture estim\u00e9e\" \/>\n\t<meta name=\"twitter:data1\" content=\"1 minute\" \/>\n<script type=\"application\/ld+json\" class=\"yoast-schema-graph\">{\"@context\":\"https:\\\/\\\/schema.org\",\"@graph\":[{\"@type\":\"WebPage\",\"@id\":\"https:\\\/\\\/webtube.fr\\\/index.php\\\/zenmusic\\\/\",\"url\":\"https:\\\/\\\/webtube.fr\\\/index.php\\\/zenmusic\\\/\",\"name\":\"ZENMUSIC - # WEBTUBE.fr\",\"isPartOf\":{\"@id\":\"https:\\\/\\\/webtube.fr\\\/#website\"},\"primaryImageOfPage\":{\"@id\":\"https:\\\/\\\/webtube.fr\\\/index.php\\\/zenmusic\\\/#primaryimage\"},\"image\":{\"@id\":\"https:\\\/\\\/webtube.fr\\\/index.php\\\/zenmusic\\\/#primaryimage\"},\"thumbnailUrl\":\"http:\\\/\\\/www.informatiquegifs.com\\\/notesmusique\\\/gifs6.gif\",\"datePublished\":\"2017-11-27T06:20:41+00:00\",\"breadcrumb\":{\"@id\":\"https:\\\/\\\/webtube.fr\\\/index.php\\\/zenmusic\\\/#breadcrumb\"},\"inLanguage\":\"fr-FR\",\"potentialAction\":[{\"@type\":\"ReadAction\",\"target\":[\"https:\\\/\\\/webtube.fr\\\/index.php\\\/zenmusic\\\/\"]}]},{\"@type\":\"ImageObject\",\"inLanguage\":\"fr-FR\",\"@id\":\"https:\\\/\\\/webtube.fr\\\/index.php\\\/zenmusic\\\/#primaryimage\",\"url\":\"http:\\\/\\\/www.informatiquegifs.com\\\/notesmusique\\\/gifs6.gif\",\"contentUrl\":\"http:\\\/\\\/www.informatiquegifs.com\\\/notesmusique\\\/gifs6.gif\"},{\"@type\":\"BreadcrumbList\",\"@id\":\"https:\\\/\\\/webtube.fr\\\/index.php\\\/zenmusic\\\/#breadcrumb\",\"itemListElement\":[{\"@type\":\"ListItem\",\"position\":1,\"name\":\"Accueil\",\"item\":\"https:\\\/\\\/webtube.fr\\\/\"},{\"@type\":\"ListItem\",\"position\":2,\"name\":\"ZENMUSIC\"}]},{\"@type\":\"WebSite\",\"@id\":\"https:\\\/\\\/webtube.fr\\\/#website\",\"url\":\"https:\\\/\\\/webtube.fr\\\/\",\"name\":\"WEBTUBE\",\"description\":\"WEBTUBE.fr  Streaming Vid\u00e9o and News , toutes les infos sans filtres !\",\"publisher\":{\"@id\":\"https:\\\/\\\/webtube.fr\\\/#organization\"},\"alternateName\":\"Rutube\",\"potentialAction\":[{\"@type\":\"SearchAction\",\"target\":{\"@type\":\"EntryPoint\",\"urlTemplate\":\"https:\\\/\\\/webtube.fr\\\/?s={search_term_string}\"},\"query-input\":{\"@type\":\"PropertyValueSpecification\",\"valueRequired\":true,\"valueName\":\"search_term_string\"}}],\"inLanguage\":\"fr-FR\"},{\"@type\":\"Organization\",\"@id\":\"https:\\\/\\\/webtube.fr\\\/#organization\",\"name\":\"# WEBTUBE.fr\",\"url\":\"https:\\\/\\\/webtube.fr\\\/\",\"logo\":{\"@type\":\"ImageObject\",\"inLanguage\":\"fr-FR\",\"@id\":\"https:\\\/\\\/webtube.fr\\\/#\\\/schema\\\/logo\\\/image\\\/\",\"url\":\"https:\\\/\\\/webtube.fr\\\/wp-content\\\/uploads\\\/2025\\\/09\\\/cropped-Logo_webtubeIA-1.jpg\",\"contentUrl\":\"https:\\\/\\\/webtube.fr\\\/wp-content\\\/uploads\\\/2025\\\/09\\\/cropped-Logo_webtubeIA-1.jpg\",\"width\":240,\"height\":240,\"caption\":\"# WEBTUBE.fr\"},\"image\":{\"@id\":\"https:\\\/\\\/webtube.fr\\\/#\\\/schema\\\/logo\\\/image\\\/\"},\"sameAs\":[\"https:\\\/\\\/www.facebook.com\\\/profile.php?id=100069673161887\",\"https:\\\/\\\/x.com\\\/OrtfNews\",\"https:\\\/\\\/www.facebook.com\\\/profile.php?id=100013751440523\"]}]}<\/script>\n<!-- \/ Yoast SEO plugin. -->","yoast_head_json":{"title":"ZENMUSIC - # WEBTUBE.fr","robots":{"index":"index","follow":"follow","max-snippet":"max-snippet:-1","max-image-preview":"max-image-preview:large","max-video-preview":"max-video-preview:-1"},"canonical":"https:\/\/webtube.fr\/index.php\/zenmusic\/","og_locale":"fr_FR","og_type":"article","og_title":"ZENMUSIC - # WEBTUBE.fr","og_description":"Web Stats RuTube.fr met en avant ZENMUSIC: Une musique de relaxation ou de m\u00e9ditation est une musique cens\u00e9e produire la d\u00e9tente de son auditeur. Elle est souvent utilis\u00e9e pour aider \u00e0 la m\u00e9ditation. On peut citer parmi ses caract\u00e9ristiques la longue dur\u00e9e de ses morceaux ou encore ses rythmes lents et r\u00e9p\u00e9titifs. La musique de &hellip; Continuer la lecture de &laquo;&nbsp;ZENMUSIC&nbsp;&raquo;","og_url":"https:\/\/webtube.fr\/index.php\/zenmusic\/","og_site_name":"# WEBTUBE.fr","article_publisher":"https:\/\/www.facebook.com\/profile.php?id=100069673161887","og_image":[{"url":"http:\/\/www.informatiquegifs.com\/notesmusique\/gifs6.gif","type":"","width":"","height":""}],"twitter_card":"summary_large_image","twitter_site":"@OrtfNews","twitter_misc":{"Dur\u00e9e de lecture estim\u00e9e":"1 minute"},"schema":{"@context":"https:\/\/schema.org","@graph":[{"@type":"WebPage","@id":"https:\/\/webtube.fr\/index.php\/zenmusic\/","url":"https:\/\/webtube.fr\/index.php\/zenmusic\/","name":"ZENMUSIC - # WEBTUBE.fr","isPartOf":{"@id":"https:\/\/webtube.fr\/#website"},"primaryImageOfPage":{"@id":"https:\/\/webtube.fr\/index.php\/zenmusic\/#primaryimage"},"image":{"@id":"https:\/\/webtube.fr\/index.php\/zenmusic\/#primaryimage"},"thumbnailUrl":"http:\/\/www.informatiquegifs.com\/notesmusique\/gifs6.gif","datePublished":"2017-11-27T06:20:41+00:00","breadcrumb":{"@id":"https:\/\/webtube.fr\/index.php\/zenmusic\/#breadcrumb"},"inLanguage":"fr-FR","potentialAction":[{"@type":"ReadAction","target":["https:\/\/webtube.fr\/index.php\/zenmusic\/"]}]},{"@type":"ImageObject","inLanguage":"fr-FR","@id":"https:\/\/webtube.fr\/index.php\/zenmusic\/#primaryimage","url":"http:\/\/www.informatiquegifs.com\/notesmusique\/gifs6.gif","contentUrl":"http:\/\/www.informatiquegifs.com\/notesmusique\/gifs6.gif"},{"@type":"BreadcrumbList","@id":"https:\/\/webtube.fr\/index.php\/zenmusic\/#breadcrumb","itemListElement":[{"@type":"ListItem","position":1,"name":"Accueil","item":"https:\/\/webtube.fr\/"},{"@type":"ListItem","position":2,"name":"ZENMUSIC"}]},{"@type":"WebSite","@id":"https:\/\/webtube.fr\/#website","url":"https:\/\/webtube.fr\/","name":"WEBTUBE","description":"WEBTUBE.fr  Streaming Vid\u00e9o and News , toutes les infos sans filtres !","publisher":{"@id":"https:\/\/webtube.fr\/#organization"},"alternateName":"Rutube","potentialAction":[{"@type":"SearchAction","target":{"@type":"EntryPoint","urlTemplate":"https:\/\/webtube.fr\/?s={search_term_string}"},"query-input":{"@type":"PropertyValueSpecification","valueRequired":true,"valueName":"search_term_string"}}],"inLanguage":"fr-FR"},{"@type":"Organization","@id":"https:\/\/webtube.fr\/#organization","name":"# WEBTUBE.fr","url":"https:\/\/webtube.fr\/","logo":{"@type":"ImageObject","inLanguage":"fr-FR","@id":"https:\/\/webtube.fr\/#\/schema\/logo\/image\/","url":"https:\/\/webtube.fr\/wp-content\/uploads\/2025\/09\/cropped-Logo_webtubeIA-1.jpg","contentUrl":"https:\/\/webtube.fr\/wp-content\/uploads\/2025\/09\/cropped-Logo_webtubeIA-1.jpg","width":240,"height":240,"caption":"# WEBTUBE.fr"},"image":{"@id":"https:\/\/webtube.fr\/#\/schema\/logo\/image\/"},"sameAs":["https:\/\/www.facebook.com\/profile.php?id=100069673161887","https:\/\/x.com\/OrtfNews","https:\/\/www.facebook.com\/profile.php?id=100013751440523"]}]}},"jetpack_sharing_enabled":true,"_links":{"self":[{"href":"https:\/\/webtube.fr\/index.php\/wp-json\/wp\/v2\/pages\/357","targetHints":{"allow":["GET"]}}],"collection":[{"href":"https:\/\/webtube.fr\/index.php\/wp-json\/wp\/v2\/pages"}],"about":[{"href":"https:\/\/webtube.fr\/index.php\/wp-json\/wp\/v2\/types\/page"}],"author":[{"embeddable":true,"href":"https:\/\/webtube.fr\/index.php\/wp-json\/wp\/v2\/users\/2"}],"replies":[{"embeddable":true,"href":"https:\/\/webtube.fr\/index.php\/wp-json\/wp\/v2\/comments?post=357"}],"version-history":[{"count":0,"href":"https:\/\/webtube.fr\/index.php\/wp-json\/wp\/v2\/pages\/357\/revisions"}],"wp:attachment":[{"href":"https:\/\/webtube.fr\/index.php\/wp-json\/wp\/v2\/media?parent=357"}],"curies":[{"name":"wp","href":"https:\/\/api.w.org\/{rel}","templated":true}]}}