{"id":30265,"date":"2025-11-12T07:16:56","date_gmt":"2025-11-12T07:16:56","guid":{"rendered":"https:\/\/webtube.fr\/?page_id=30265"},"modified":"2026-04-03T03:26:07","modified_gmt":"2026-04-03T03:26:07","slug":"on-est-completement-foutus-par-theo-malini","status":"publish","type":"page","link":"https:\/\/webtube.fr\/index.php\/on-est-completement-foutus-par-theo-malini\/","title":{"rendered":"\u00ab\u00a0On est compl\u00e8tement foutus\u00a0\u00bb par Th\u00e9o Malini"},"content":{"rendered":"\n<figure class=\"wp-block-image size-full is-resized\"><a href=\"http:\/\/weboomedia.free.fr\/ORTF\/php\/\" target=\"_blank\" rel=\" noreferrer noopener\"><img loading=\"lazy\" decoding=\"async\" width=\"387\" height=\"73\" src=\"https:\/\/webtube.fr\/wp-content\/uploads\/2026\/01\/banniereWebtubeCommercial.jpg\" alt=\"\" class=\"wp-image-30899\" style=\"aspect-ratio:5.302290730036395;width:564px;height:auto\" srcset=\"https:\/\/webtube.fr\/wp-content\/uploads\/2026\/01\/banniereWebtubeCommercial.jpg 387w, https:\/\/webtube.fr\/wp-content\/uploads\/2026\/01\/banniereWebtubeCommercial-300x57.jpg 300w\" sizes=\"auto, (max-width: 387px) 85vw, 387px\" \/><\/a><\/figure>\n\n\n\n<p><br>Articles : <a href=\"https:\/\/webtube.fr\/index.php\/2026\/04\/\" target=\"_blank\" rel=\"noreferrer noopener\">Avril 2026<\/a> &#8211; <a href=\"https:\/\/webtube.fr\/index.php\/2026\/03\/\" target=\"_blank\" rel=\"noreferrer noopener\">Mar. 2026<\/a> &#8211; <a href=\"https:\/\/webtube.fr\/index.php\/2026\/02\/\" target=\"_blank\" rel=\"noreferrer noopener\">Fev 2026<\/a> &#8211; <a href=\"https:\/\/webtube.fr\/index.php\/2026\/01\/\" target=\"_blank\" rel=\"noreferrer noopener\">Jan 2026<\/a> &#8211;<br>Facebook\u00a0:\u00a0<a href=\"https:\/\/www.facebook.com\/profile.php?id=100069673161887\">https:\/\/www.facebook.com\/profile.php?id=100069673161887<\/a> Twitter : <a href=\"https:\/\/twitter.com\/OrtfNews\" target=\"_blank\" rel=\"noreferrer noopener\">https:\/\/twitter.com\/OrtfNews<\/a> Music 24\/24 : <a href=\"http:\/\/DJMUSIC.fr\/\" target=\"_blank\" rel=\"noreferrer noopener\">http:\/\/DJMUSIC.fr<\/a><\/p>\n\n\n\n<figure class=\"wp-block-image size-large\"><a href=\"https:\/\/www.youtube.com\/@TheoMalini\/videos\" target=\"_blank\" rel=\" noreferrer noopener\"><img decoding=\"async\" src=\"https:\/\/i.ytimg.com\/vi\/9trUjrq4AvU\/hqdefault.jpg\" alt=\"\"\/><\/a><\/figure>\n\n\n\n<p><strong>#webtube<\/strong> : <em>Spotlight sur Th\u00e9o Malini : N\u00e9 en 1991 \u00e0 Avignon, ce pionnier du streaming (ex-Tsukiyo sur Eclypsia) a conquis Twitch et YouTube avec plus de 930k abonn\u00e9s ! De LoL \u00e0 des reacts IRL en Tha\u00eflande, en passant par le buzz sur les vid\u00e9os \u00ab\u00a0fake\u00a0\u00bb d&rsquo;Alan FoodChallenge, il d\u00e9crypte l&rsquo;actu sans filtre. Son dernier coup ? Alerter sur l&rsquo;exode de NY apr\u00e8s l&rsquo;\u00e9lection de Zohran Mamdani. Un must-follow pour les d\u00e9bats qui piquent !<\/em><\/p>\n\n\n\n<p><strong>Ci-dessous un floril\u00e8ge de ses vid\u00e9os ! Nous on adore !<\/strong> &#8211; <\/p>\n\n\n\n<p><a href=\"https:\/\/www.youtube.com\/@TheoMalini\/videos\" target=\"_blank\" rel=\"noreferrer noopener\">https:\/\/www.youtube.com\/@TheoMalini\/videos<\/a><\/p>\n\n\n\n<figure class=\"wp-block-embed is-type-video is-provider-youtube wp-block-embed-youtube wp-embed-aspect-16-9 wp-has-aspect-ratio\"><div class=\"wp-block-embed__wrapper\">\n<iframe loading=\"lazy\" title=\"L&#039;Iran frappe Dubai, le Qatar, le Bahre\u00efn, l&#039;Arabie saoudite, et le Kowe\u00eft\" width=\"840\" height=\"473\" src=\"https:\/\/www.youtube.com\/embed\/d7w5UEVRA5s?feature=oembed\" frameborder=\"0\" allow=\"accelerometer; autoplay; clipboard-write; encrypted-media; gyroscope; picture-in-picture; web-share\" referrerpolicy=\"strict-origin-when-cross-origin\" allowfullscreen><\/iframe>\n<\/div><\/figure>\n\n\n\n<p><strong>#webtube<\/strong> : <em>La situation change rapidement en Iran&#8230; <\/em><\/p>\n\n\n\n<p><\/p>\n\n\n\n<figure class=\"wp-block-embed is-type-video is-provider-youtube wp-block-embed-youtube wp-embed-aspect-16-9 wp-has-aspect-ratio\"><div class=\"wp-block-embed__wrapper\">\n<iframe loading=\"lazy\" title=\"BORDEL, IL SE PASSE QUOI EN FRANCE ?!\" width=\"840\" height=\"473\" src=\"https:\/\/www.youtube.com\/embed\/cTfWaXTYbRI?feature=oembed\" frameborder=\"0\" allow=\"accelerometer; autoplay; clipboard-write; encrypted-media; gyroscope; picture-in-picture; web-share\" referrerpolicy=\"strict-origin-when-cross-origin\" allowfullscreen><\/iframe>\n<\/div><\/figure>\n\n\n\n<p><strong>#webtube<\/strong>&nbsp;:&nbsp;<em>Franchement, ce pays est tellement \u00e0 la d\u00e9rive \u00e0 ce niveau-l\u00e0 que je crois qu\u2019il va falloir se r\u00e9soudre, comme on dit, \u00e0 fermer la boutique !<\/em><\/p>\n\n\n\n<figure class=\"wp-block-embed is-type-video is-provider-youtube wp-block-embed-youtube wp-embed-aspect-16-9 wp-has-aspect-ratio\"><div class=\"wp-block-embed__wrapper\">\n<iframe loading=\"lazy\" title=\"C\u2019EST TR\u00c8S S\u00c9RIEUX \u2026\" width=\"840\" height=\"473\" src=\"https:\/\/www.youtube.com\/embed\/1kgzshMKBWw?feature=oembed\" frameborder=\"0\" allow=\"accelerometer; autoplay; clipboard-write; encrypted-media; gyroscope; picture-in-picture; web-share\" referrerpolicy=\"strict-origin-when-cross-origin\" allowfullscreen><\/iframe>\n<\/div><\/figure>\n\n\n\n<p><strong>#webtube<\/strong>&nbsp;:&nbsp;<em>Th\u00e9o oblig\u00e9 de quitter la France pour continuer \u00e0 faire des vid\u00e9os pour nous informer. Lunaire !<\/em><\/p>\n\n\n\n<p><\/p>\n\n\n\n<figure class=\"wp-block-embed is-type-video is-provider-youtube wp-block-embed-youtube\"><div class=\"wp-block-embed__wrapper\">\n<iframe loading=\"lazy\" title=\"LA FRANCE EST FOUTUE : TOUT A FUIT\u00c9 (Police, CAF, H\u00f4pitaux...)\" width=\"840\" height=\"473\" src=\"https:\/\/www.youtube.com\/embed\/O1sqOHoO1r8?feature=oembed\" frameborder=\"0\" allow=\"accelerometer; autoplay; clipboard-write; encrypted-media; gyroscope; picture-in-picture; web-share\" referrerpolicy=\"strict-origin-when-cross-origin\" allowfullscreen><\/iframe>\n<\/div><\/figure>\n\n\n\n<blockquote class=\"wp-block-quote is-layout-flow wp-block-quote-is-layout-flow\">\n<p><strong>#webtube&nbsp;<\/strong>:&nbsp;L\u2019intrusion a \u00e9t\u00e9 d\u00e9tect\u00e9e dans la nuit du 11 au 12 d\u00e9cembre 2025. Les pirates ont p\u00e9n\u00e9tr\u00e9 les syst\u00e8mes pendant plusieurs jours. Les hackers ont compromis des bo\u00eetes mail professionnelles d\u2019agents (via phishing ou \u00e9change imprudent de mots de passe en clair). Cela leur a permis de r\u00e9cup\u00e9rer des identifiants et d\u2019acc\u00e9der \u00e0 des applications internes sensibles.<\/p>\n<\/blockquote>\n\n\n\n<p><\/p>\n\n\n\n<p><\/p>\n\n\n\n<figure class=\"wp-block-embed is-type-video is-provider-youtube wp-block-embed-youtube wp-embed-aspect-16-9 wp-has-aspect-ratio\"><div class=\"wp-block-embed__wrapper\">\n<iframe loading=\"lazy\" title=\"Affrontements entre Agriculteurs et Gendarmes : LES IMAGES QUE LES M\u00c9DIAS NE MONTRENT PAS\" width=\"840\" height=\"473\" src=\"https:\/\/www.youtube.com\/embed\/XlXKu7DB6JY?feature=oembed\" frameborder=\"0\" allow=\"accelerometer; autoplay; clipboard-write; encrypted-media; gyroscope; picture-in-picture; web-share\" referrerpolicy=\"strict-origin-when-cross-origin\" allowfullscreen><\/iframe>\n<\/div><\/figure>\n\n\n\n<p><strong>#webtube : <\/strong><em>Image en direct montrant l\u2019affrontement entre les agriculteurs et les gendarmes de France en Ari\u00e8ge.<\/em><\/p>\n\n\n\n<figure class=\"wp-block-embed is-type-video is-provider-youtube wp-block-embed-youtube wp-embed-aspect-16-9 wp-has-aspect-ratio\"><div class=\"wp-block-embed__wrapper\">\n<iframe loading=\"lazy\" title=\"Le prix de TOUTE la Tech va EXPLOSER (C&#039;est in\u00e9vitable)\" width=\"840\" height=\"473\" src=\"https:\/\/www.youtube.com\/embed\/tcp5OrH_b_M?feature=oembed\" frameborder=\"0\" allow=\"accelerometer; autoplay; clipboard-write; encrypted-media; gyroscope; picture-in-picture; web-share\" referrerpolicy=\"strict-origin-when-cross-origin\" allowfullscreen><\/iframe>\n<\/div><\/figure>\n\n\n\n<p><strong>#webtube<\/strong> : <em>Petite pens\u00e9e pour l&rsquo;Europe qui veut faire un cr\u00e9dit social num\u00e9rique, un euro num\u00e9rique, une identit\u00e9 num\u00e9rique, etc. sur un continent qui commence \u00e0 avoir des pannes d&rsquo;\u00e9lectricit\u00e9 avec un march\u00e9 qui d\u00e9pend de quelques pays lointains dont nous ne sommes pas le march\u00e9.<\/em><\/p>\n\n\n\n<figure class=\"wp-block-embed is-type-video is-provider-youtube wp-block-embed-youtube wp-embed-aspect-16-9 wp-has-aspect-ratio\"><div class=\"wp-block-embed__wrapper\">\n<iframe loading=\"lazy\" title=\"700 000 personnes FUIENT New York apr\u00e8s l\u2019\u00e9lection du nouveau maire Zohran Mamdani\" width=\"840\" height=\"473\" src=\"https:\/\/www.youtube.com\/embed\/cGmLFY3YLvs?feature=oembed\" frameborder=\"0\" allow=\"accelerometer; autoplay; clipboard-write; encrypted-media; gyroscope; picture-in-picture; web-share\" referrerpolicy=\"strict-origin-when-cross-origin\" allowfullscreen><\/iframe>\n<\/div><\/figure>\n\n\n\n<p><strong>#webtube<\/strong> : <em>Plus d&rsquo;un million de New-Yorkais ont promis de quitter la ville suite \u00e0 l&rsquo;\u00e9lection r\u00e9cente de Zohran Mamdani, un socialiste d\u00e9mocrate autoproclam\u00e9 qui nourrit de grands projets pour la plus grande ville sanctuaire des \u00c9tats-Unis, Apparemment, des entreprises cherchent \u00e9galement \u00e0 quitter la ville, ce qui entra\u00eenerait le d\u00e9placement de toute l&rsquo;\u00e9conomie de New York. Reportage journalistique. Inclut des images d&rsquo;actualit\u00e9 \u00e0 des fins de commentaire, de critique et d&rsquo;analyse<\/em><\/p>\n\n\n\n<figure class=\"wp-block-embed is-type-video is-provider-youtube wp-block-embed-youtube wp-embed-aspect-16-9 wp-has-aspect-ratio\"><div class=\"wp-block-embed__wrapper\">\n<iframe loading=\"lazy\" title=\"On est compl\u00e8tement foutus\" width=\"840\" height=\"473\" src=\"https:\/\/www.youtube.com\/embed\/Fd45zJ5AVGE?feature=oembed\" frameborder=\"0\" allow=\"accelerometer; autoplay; clipboard-write; encrypted-media; gyroscope; picture-in-picture; web-share\" referrerpolicy=\"strict-origin-when-cross-origin\" allowfullscreen><\/iframe>\n<\/div><\/figure>\n\n\n\n<p><strong>#webtube <\/strong>: <em>Un migrant c\u2019est un mec qui fait 5 000 km pour venir te dire chez toi que son pays est mieux que le tiens. Merci pour tout ce que tu fais, \u00e7a tient chaud au c\u0153ur de voir qu\u2019il y a encore des gens qui tiennent \u00e0 leur pays. J&rsquo;ai quitt\u00e9 D\u00c9FINITIVEMENT l&rsquo;Europe et en particulier la France il y a 12 ans je n&rsquo;y suis revenu que 4 jours. Je suis effar\u00e9 de voir l&rsquo;\u00e9tat de l&rsquo;Europe&#8230;<\/em><\/p>\n\n\n\n<p><\/p>\n\n\n\n<figure class=\"wp-block-embed is-type-video is-provider-youtube wp-block-embed-youtube wp-embed-aspect-16-9 wp-has-aspect-ratio\"><div class=\"wp-block-embed__wrapper\">\n<iframe loading=\"lazy\" title=\"AFFAIRE EPSTEIN : TOUTES LES CONTRADICTIONS DES PREUVES\" width=\"840\" height=\"473\" src=\"https:\/\/www.youtube.com\/embed\/THPLQ16y7Qw?feature=oembed\" frameborder=\"0\" allow=\"accelerometer; autoplay; clipboard-write; encrypted-media; gyroscope; picture-in-picture; web-share\" referrerpolicy=\"strict-origin-when-cross-origin\" allowfullscreen><\/iframe>\n<\/div><\/figure>\n\n\n\n<p><strong>#webtube<\/strong> : <em>AFFAIRE EPSTEIN : personne n\u2019explique les contradictions des preuves. Cam\u00e9ras coup\u00e9es, vid\u00e9os modifi\u00e9es, liste disparue\u2026 et tout le monde change de version. Que cache Trump dans cette affaire ?<\/em><\/p>\n\n\n\n<p><\/p>\n\n\n\n<figure class=\"wp-block-embed is-type-video is-provider-youtube wp-block-embed-youtube wp-embed-aspect-16-9 wp-has-aspect-ratio\"><div class=\"wp-block-embed__wrapper\">\n<iframe loading=\"lazy\" title=\"LOS ANGELES EN FEU : LES IMAGES QUE LES M\u00c9DIAS NE MONTRENT PAS\" width=\"840\" height=\"473\" src=\"https:\/\/www.youtube.com\/embed\/PkcF9wLL8C0?feature=oembed\" frameborder=\"0\" allow=\"accelerometer; autoplay; clipboard-write; encrypted-media; gyroscope; picture-in-picture; web-share\" referrerpolicy=\"strict-origin-when-cross-origin\" allowfullscreen><\/iframe>\n<\/div><\/figure>\n\n\n\n<p><strong>#webtube :<\/strong> <em>Th\u00e9o Malini vous montre ce que les cam\u00e9ras en direct officielles n&rsquo;ont pas film\u00e9. Hier soir, apr\u00e8s une nouvelle d\u00e9claration controvers\u00e9e de Donald Trump, les rues de Los Angeles ont rapidement bascul\u00e9 dans le chaos.<\/em><\/p>\n\n\n\n<p><\/p>\n\n\n\n<figure class=\"wp-block-embed is-type-video is-provider-youtube wp-block-embed-youtube wp-embed-aspect-16-9 wp-has-aspect-ratio\"><div class=\"wp-block-embed__wrapper\">\n<iframe loading=\"lazy\" title=\"PARIS EN FEU : LES IMAGES QUE LES M\u00c9DIAS NE MONTRENT PAS\" width=\"840\" height=\"473\" src=\"https:\/\/www.youtube.com\/embed\/Q5s-Y0osfw8?feature=oembed\" frameborder=\"0\" allow=\"accelerometer; autoplay; clipboard-write; encrypted-media; gyroscope; picture-in-picture; web-share\" referrerpolicy=\"strict-origin-when-cross-origin\" allowfullscreen><\/iframe>\n<\/div><\/figure>\n\n\n\n<p><strong>#webtube <\/strong>: <em>Pour les m\u00e9dias, cette gu\u00e9rilla urbaine est un \u00ab\u00a0petit d\u00e9bordement\u00a0\u00bb.  On croit r\u00eaver !<\/em><\/p>\n\n\n\n<p><\/p>\n","protected":false},"excerpt":{"rendered":"<p>Articles : Avril 2026 &#8211; Mar. 2026 &#8211; Fev 2026 &#8211; Jan 2026 &#8211;Facebook\u00a0:\u00a0https:\/\/www.facebook.com\/profile.php?id=100069673161887 Twitter : https:\/\/twitter.com\/OrtfNews Music 24\/24 : http:\/\/DJMUSIC.fr #webtube : Spotlight sur Th\u00e9o Malini : N\u00e9 en 1991 \u00e0 Avignon, ce pionnier du streaming (ex-Tsukiyo sur Eclypsia) a conquis Twitch et YouTube avec plus de 930k abonn\u00e9s ! De LoL \u00e0 des &hellip; <a href=\"https:\/\/webtube.fr\/index.php\/on-est-completement-foutus-par-theo-malini\/\" class=\"more-link\">Continuer la lecture<span class=\"screen-reader-text\"> de &laquo;&nbsp;\u00ab\u00a0On est compl\u00e8tement foutus\u00a0\u00bb par Th\u00e9o Malini&nbsp;&raquo;<\/span><\/a><\/p>\n","protected":false},"author":1,"featured_media":0,"parent":0,"menu_order":0,"comment_status":"closed","ping_status":"closed","template":"","meta":{"footnotes":""},"class_list":["post-30265","page","type-page","status-publish","hentry"],"yoast_head":"<!-- This site is optimized with the Yoast SEO plugin v27.2 - https:\/\/yoast.com\/product\/yoast-seo-wordpress\/ -->\n<title>&quot;On est compl\u00e8tement foutus&quot; par Th\u00e9o Malini - # WEBTUBE.fr<\/title>\n<meta name=\"robots\" content=\"index, follow, max-snippet:-1, max-image-preview:large, max-video-preview:-1\" \/>\n<link rel=\"canonical\" href=\"https:\/\/webtube.fr\/index.php\/on-est-completement-foutus-par-theo-malini\/\" \/>\n<meta property=\"og:locale\" content=\"fr_FR\" \/>\n<meta property=\"og:type\" content=\"article\" \/>\n<meta property=\"og:title\" content=\"&quot;On est compl\u00e8tement foutus&quot; par Th\u00e9o Malini - # WEBTUBE.fr\" \/>\n<meta property=\"og:description\" content=\"Articles : Avril 2026 &#8211; Mar. 2026 &#8211; Fev 2026 &#8211; Jan 2026 &#8211;Facebook\u00a0:\u00a0https:\/\/www.facebook.com\/profile.php?id=100069673161887 Twitter : https:\/\/twitter.com\/OrtfNews Music 24\/24 : http:\/\/DJMUSIC.fr #webtube : Spotlight sur Th\u00e9o Malini : N\u00e9 en 1991 \u00e0 Avignon, ce pionnier du streaming (ex-Tsukiyo sur Eclypsia) a conquis Twitch et YouTube avec plus de 930k abonn\u00e9s ! De LoL \u00e0 des &hellip; Continuer la lecture de &laquo;&nbsp;\u00ab\u00a0On est compl\u00e8tement foutus\u00a0\u00bb par Th\u00e9o Malini&nbsp;&raquo;\" \/>\n<meta property=\"og:url\" content=\"https:\/\/webtube.fr\/index.php\/on-est-completement-foutus-par-theo-malini\/\" \/>\n<meta property=\"og:site_name\" content=\"# WEBTUBE.fr\" \/>\n<meta property=\"article:publisher\" content=\"https:\/\/www.facebook.com\/profile.php?id=100069673161887\" \/>\n<meta property=\"article:modified_time\" content=\"2026-04-03T03:26:07+00:00\" \/>\n<meta property=\"og:image\" content=\"https:\/\/webtube.fr\/wp-content\/uploads\/2026\/01\/banniereWebtubeCommercial.jpg\" \/>\n\t<meta property=\"og:image:width\" content=\"387\" \/>\n\t<meta property=\"og:image:height\" content=\"73\" \/>\n\t<meta property=\"og:image:type\" content=\"image\/jpeg\" \/>\n<meta name=\"twitter:card\" content=\"summary_large_image\" \/>\n<meta name=\"twitter:site\" content=\"@OrtfNews\" \/>\n<meta name=\"twitter:label1\" content=\"Dur\u00e9e de lecture estim\u00e9e\" \/>\n\t<meta name=\"twitter:data1\" content=\"3 minutes\" \/>\n<script type=\"application\/ld+json\" class=\"yoast-schema-graph\">{\"@context\":\"https:\/\/schema.org\",\"@graph\":[{\"@type\":\"WebPage\",\"@id\":\"https:\/\/webtube.fr\/index.php\/on-est-completement-foutus-par-theo-malini\/\",\"url\":\"https:\/\/webtube.fr\/index.php\/on-est-completement-foutus-par-theo-malini\/\",\"name\":\"\\\"On est compl\u00e8tement foutus\\\" par Th\u00e9o Malini - # WEBTUBE.fr\",\"isPartOf\":{\"@id\":\"https:\/\/webtube.fr\/#website\"},\"primaryImageOfPage\":{\"@id\":\"https:\/\/webtube.fr\/index.php\/on-est-completement-foutus-par-theo-malini\/#primaryimage\"},\"image\":{\"@id\":\"https:\/\/webtube.fr\/index.php\/on-est-completement-foutus-par-theo-malini\/#primaryimage\"},\"thumbnailUrl\":\"https:\/\/webtube.fr\/wp-content\/uploads\/2026\/01\/banniereWebtubeCommercial.jpg\",\"datePublished\":\"2025-11-12T07:16:56+00:00\",\"dateModified\":\"2026-04-03T03:26:07+00:00\",\"breadcrumb\":{\"@id\":\"https:\/\/webtube.fr\/index.php\/on-est-completement-foutus-par-theo-malini\/#breadcrumb\"},\"inLanguage\":\"fr-FR\",\"potentialAction\":[{\"@type\":\"ReadAction\",\"target\":[\"https:\/\/webtube.fr\/index.php\/on-est-completement-foutus-par-theo-malini\/\"]}]},{\"@type\":\"ImageObject\",\"inLanguage\":\"fr-FR\",\"@id\":\"https:\/\/webtube.fr\/index.php\/on-est-completement-foutus-par-theo-malini\/#primaryimage\",\"url\":\"https:\/\/webtube.fr\/wp-content\/uploads\/2026\/01\/banniereWebtubeCommercial.jpg\",\"contentUrl\":\"https:\/\/webtube.fr\/wp-content\/uploads\/2026\/01\/banniereWebtubeCommercial.jpg\",\"width\":387,\"height\":73},{\"@type\":\"BreadcrumbList\",\"@id\":\"https:\/\/webtube.fr\/index.php\/on-est-completement-foutus-par-theo-malini\/#breadcrumb\",\"itemListElement\":[{\"@type\":\"ListItem\",\"position\":1,\"name\":\"Accueil\",\"item\":\"https:\/\/webtube.fr\/\"},{\"@type\":\"ListItem\",\"position\":2,\"name\":\"\u00ab\u00a0On est compl\u00e8tement foutus\u00a0\u00bb par Th\u00e9o Malini\"}]},{\"@type\":\"WebSite\",\"@id\":\"https:\/\/webtube.fr\/#website\",\"url\":\"https:\/\/webtube.fr\/\",\"name\":\"WEBTUBE\",\"description\":\"WEBTUBE.fr  Streaming Vid\u00e9o and News , toutes les infos sans filtres !\",\"publisher\":{\"@id\":\"https:\/\/webtube.fr\/#organization\"},\"alternateName\":\"Rutube\",\"potentialAction\":[{\"@type\":\"SearchAction\",\"target\":{\"@type\":\"EntryPoint\",\"urlTemplate\":\"https:\/\/webtube.fr\/?s={search_term_string}\"},\"query-input\":{\"@type\":\"PropertyValueSpecification\",\"valueRequired\":true,\"valueName\":\"search_term_string\"}}],\"inLanguage\":\"fr-FR\"},{\"@type\":\"Organization\",\"@id\":\"https:\/\/webtube.fr\/#organization\",\"name\":\"# WEBTUBE.fr\",\"url\":\"https:\/\/webtube.fr\/\",\"logo\":{\"@type\":\"ImageObject\",\"inLanguage\":\"fr-FR\",\"@id\":\"https:\/\/webtube.fr\/#\/schema\/logo\/image\/\",\"url\":\"https:\/\/webtube.fr\/wp-content\/uploads\/2025\/09\/cropped-Logo_webtubeIA-1.jpg\",\"contentUrl\":\"https:\/\/webtube.fr\/wp-content\/uploads\/2025\/09\/cropped-Logo_webtubeIA-1.jpg\",\"width\":240,\"height\":240,\"caption\":\"# WEBTUBE.fr\"},\"image\":{\"@id\":\"https:\/\/webtube.fr\/#\/schema\/logo\/image\/\"},\"sameAs\":[\"https:\/\/www.facebook.com\/profile.php?id=100069673161887\",\"https:\/\/x.com\/OrtfNews\",\"https:\/\/www.facebook.com\/profile.php?id=100013751440523\"]}]}<\/script>\n<!-- \/ Yoast SEO plugin. -->","yoast_head_json":{"title":"\"On est compl\u00e8tement foutus\" par Th\u00e9o Malini - # WEBTUBE.fr","robots":{"index":"index","follow":"follow","max-snippet":"max-snippet:-1","max-image-preview":"max-image-preview:large","max-video-preview":"max-video-preview:-1"},"canonical":"https:\/\/webtube.fr\/index.php\/on-est-completement-foutus-par-theo-malini\/","og_locale":"fr_FR","og_type":"article","og_title":"\"On est compl\u00e8tement foutus\" par Th\u00e9o Malini - # WEBTUBE.fr","og_description":"Articles : Avril 2026 &#8211; Mar. 2026 &#8211; Fev 2026 &#8211; Jan 2026 &#8211;Facebook\u00a0:\u00a0https:\/\/www.facebook.com\/profile.php?id=100069673161887 Twitter : https:\/\/twitter.com\/OrtfNews Music 24\/24 : http:\/\/DJMUSIC.fr #webtube : Spotlight sur Th\u00e9o Malini : N\u00e9 en 1991 \u00e0 Avignon, ce pionnier du streaming (ex-Tsukiyo sur Eclypsia) a conquis Twitch et YouTube avec plus de 930k abonn\u00e9s ! De LoL \u00e0 des &hellip; Continuer la lecture de &laquo;&nbsp;\u00ab\u00a0On est compl\u00e8tement foutus\u00a0\u00bb par Th\u00e9o Malini&nbsp;&raquo;","og_url":"https:\/\/webtube.fr\/index.php\/on-est-completement-foutus-par-theo-malini\/","og_site_name":"# WEBTUBE.fr","article_publisher":"https:\/\/www.facebook.com\/profile.php?id=100069673161887","article_modified_time":"2026-04-03T03:26:07+00:00","og_image":[{"width":387,"height":73,"url":"https:\/\/webtube.fr\/wp-content\/uploads\/2026\/01\/banniereWebtubeCommercial.jpg","type":"image\/jpeg"}],"twitter_card":"summary_large_image","twitter_site":"@OrtfNews","twitter_misc":{"Dur\u00e9e de lecture estim\u00e9e":"3 minutes"},"schema":{"@context":"https:\/\/schema.org","@graph":[{"@type":"WebPage","@id":"https:\/\/webtube.fr\/index.php\/on-est-completement-foutus-par-theo-malini\/","url":"https:\/\/webtube.fr\/index.php\/on-est-completement-foutus-par-theo-malini\/","name":"\"On est compl\u00e8tement foutus\" par Th\u00e9o Malini - # WEBTUBE.fr","isPartOf":{"@id":"https:\/\/webtube.fr\/#website"},"primaryImageOfPage":{"@id":"https:\/\/webtube.fr\/index.php\/on-est-completement-foutus-par-theo-malini\/#primaryimage"},"image":{"@id":"https:\/\/webtube.fr\/index.php\/on-est-completement-foutus-par-theo-malini\/#primaryimage"},"thumbnailUrl":"https:\/\/webtube.fr\/wp-content\/uploads\/2026\/01\/banniereWebtubeCommercial.jpg","datePublished":"2025-11-12T07:16:56+00:00","dateModified":"2026-04-03T03:26:07+00:00","breadcrumb":{"@id":"https:\/\/webtube.fr\/index.php\/on-est-completement-foutus-par-theo-malini\/#breadcrumb"},"inLanguage":"fr-FR","potentialAction":[{"@type":"ReadAction","target":["https:\/\/webtube.fr\/index.php\/on-est-completement-foutus-par-theo-malini\/"]}]},{"@type":"ImageObject","inLanguage":"fr-FR","@id":"https:\/\/webtube.fr\/index.php\/on-est-completement-foutus-par-theo-malini\/#primaryimage","url":"https:\/\/webtube.fr\/wp-content\/uploads\/2026\/01\/banniereWebtubeCommercial.jpg","contentUrl":"https:\/\/webtube.fr\/wp-content\/uploads\/2026\/01\/banniereWebtubeCommercial.jpg","width":387,"height":73},{"@type":"BreadcrumbList","@id":"https:\/\/webtube.fr\/index.php\/on-est-completement-foutus-par-theo-malini\/#breadcrumb","itemListElement":[{"@type":"ListItem","position":1,"name":"Accueil","item":"https:\/\/webtube.fr\/"},{"@type":"ListItem","position":2,"name":"\u00ab\u00a0On est compl\u00e8tement foutus\u00a0\u00bb par Th\u00e9o Malini"}]},{"@type":"WebSite","@id":"https:\/\/webtube.fr\/#website","url":"https:\/\/webtube.fr\/","name":"WEBTUBE","description":"WEBTUBE.fr  Streaming Vid\u00e9o and News , toutes les infos sans filtres !","publisher":{"@id":"https:\/\/webtube.fr\/#organization"},"alternateName":"Rutube","potentialAction":[{"@type":"SearchAction","target":{"@type":"EntryPoint","urlTemplate":"https:\/\/webtube.fr\/?s={search_term_string}"},"query-input":{"@type":"PropertyValueSpecification","valueRequired":true,"valueName":"search_term_string"}}],"inLanguage":"fr-FR"},{"@type":"Organization","@id":"https:\/\/webtube.fr\/#organization","name":"# WEBTUBE.fr","url":"https:\/\/webtube.fr\/","logo":{"@type":"ImageObject","inLanguage":"fr-FR","@id":"https:\/\/webtube.fr\/#\/schema\/logo\/image\/","url":"https:\/\/webtube.fr\/wp-content\/uploads\/2025\/09\/cropped-Logo_webtubeIA-1.jpg","contentUrl":"https:\/\/webtube.fr\/wp-content\/uploads\/2025\/09\/cropped-Logo_webtubeIA-1.jpg","width":240,"height":240,"caption":"# WEBTUBE.fr"},"image":{"@id":"https:\/\/webtube.fr\/#\/schema\/logo\/image\/"},"sameAs":["https:\/\/www.facebook.com\/profile.php?id=100069673161887","https:\/\/x.com\/OrtfNews","https:\/\/www.facebook.com\/profile.php?id=100013751440523"]}]}},"jetpack_sharing_enabled":true,"_links":{"self":[{"href":"https:\/\/webtube.fr\/index.php\/wp-json\/wp\/v2\/pages\/30265","targetHints":{"allow":["GET"]}}],"collection":[{"href":"https:\/\/webtube.fr\/index.php\/wp-json\/wp\/v2\/pages"}],"about":[{"href":"https:\/\/webtube.fr\/index.php\/wp-json\/wp\/v2\/types\/page"}],"author":[{"embeddable":true,"href":"https:\/\/webtube.fr\/index.php\/wp-json\/wp\/v2\/users\/1"}],"replies":[{"embeddable":true,"href":"https:\/\/webtube.fr\/index.php\/wp-json\/wp\/v2\/comments?post=30265"}],"version-history":[{"count":16,"href":"https:\/\/webtube.fr\/index.php\/wp-json\/wp\/v2\/pages\/30265\/revisions"}],"predecessor-version":[{"id":35222,"href":"https:\/\/webtube.fr\/index.php\/wp-json\/wp\/v2\/pages\/30265\/revisions\/35222"}],"wp:attachment":[{"href":"https:\/\/webtube.fr\/index.php\/wp-json\/wp\/v2\/media?parent=30265"}],"curies":[{"name":"wp","href":"https:\/\/api.w.org\/{rel}","templated":true}]}}